{"id":51,"date":"2016-09-30T13:45:13","date_gmt":"2016-09-30T13:45:13","guid":{"rendered":"http:\/\/nowytarg.greenbuildingstandard.eu\/?page_id=51"},"modified":"2021-03-18T15:15:26","modified_gmt":"2021-03-18T14:15:26","slug":"plan-dzialania","status":"publish","type":"page","link":"http:\/\/kreo.greenbuildingstandard.eu\/en\/plan-dzialania\/","title":{"rendered":"Plan dzia\u0142ania"},"content":{"rendered":"<h3 style=\"text-align: justify;\"><a name=\"_Toc451161605\"><\/a>1. Wst\u0119p<\/h3>\n<p style=\"text-align: justify;\">Najnowsze energooszcz\u0119dne rozwi\u0105zania i udoskonalenia techniczne daj\u0105 du\u017cy potencja\u0142 oszcz\u0119dno\u015bci energetycznych.<\/p>\n<p style=\"text-align: justify;\"><div id=\"post1-link-51\" class=\"sh-link post1-link sh-hide\"><a href=\"#\" onclick=\"showhide_toggle('post1', 51, 'Czytaj wi\u0119cej', 'Zwi\u0144'); return false;\" aria-expanded=\"false\"><span id=\"post1-toggle-51\">Czytaj wi\u0119cej<\/span><\/a><\/div><div id=\"post1-content-51\" class=\"sh-content post1-content sh-hide\" style=\"display: none;\">Jednak, aby zapewni\u0107 d\u0142ugotrwa\u0142e, energooszcz\u0119dne i sprawne funkcjonowanie budynku niezb\u0119dna jest ci\u0105g\u0142a, w\u0142a\u015bciwie przeprowadzana eksploatacja i konserwacja instalacji technicznych. Aby sprosta\u0107 tym wymaganiom, stworzony zosta\u0142 Plan Dzia\u0142ania przedstawiaj\u0105cy \u015brodki oszcz\u0119dno\u015bci energii, jakie zostan\u0105 wdro\u017cone, celem spe\u0142nienia kryterium efektywno\u015bci energetycznej budynku w trakcie jego eksploatacji. Plan, opr\u00f3cz konkretnych dzia\u0142a\u0144, obejmuje r\u00f3wnie\u017c zobowi\u0105zania do przyj\u0119cia og\u00f3lnych zasad w\u0142a\u015bciwego zarz\u0105dzania energi\u0105. Wskazane zosta\u0142y narz\u0119dzia, kt\u00f3re sprawi\u0105, \u017ce efektywno\u015b\u0107 energetyczna b\u0119dzie priorytetem w zakresie zarz\u0105dzania na ka\u017cdym etapie cyklu \u017cycia budynku i jego system\u00f3w.<\/p>\n<p style=\"text-align: justify;\">Poni\u017cszy Plan Dzia\u0142ania obejmuje zagadnienia zwi\u0105zane z elementami polityki proekologicznej, eksploatacj\u0105 i konserwacj\u0105 instalacji technicznych budynku oraz planem pomiar\u00f3w i weryfikacji przyczyniaj\u0105cych si\u0119 do optymalizacji zu\u017cycia energii i zapewnienia wysokiej jako\u015bci \u015brodowiska wewn\u0119trznego w budynku. Podkre\u015blony jest r\u00f3wnie\u017c wp\u0142yw sposobu u\u017cytkowania instalacji technicznych przez personel budynku na ko\u0144cowe zu\u017cycie energii i konieczno\u015b\u0107 u\u015bwiadomienia u\u017cytkownik\u00f3w. Dodatkowo opisano szereg dzia\u0142a\u0144 zapewniaj\u0105cych optymalne \u015brodowisko dla u\u017cytkownika budynku. Przyj\u0119te parametry \u015brodowiska wewn\u0119trznego maj\u0105 bowiem bezpo\u015bredni wp\u0142yw na zdrowie, wydajno\u015b\u0107 i komfort u\u017cytkownik\u00f3w. Utrzymanie wysokich standard\u00f3w wewn\u0105trz budynk\u00f3w pozwala zatem na uzyskanie wy\u017cszej efektywno\u015bci pracy czy wypoczynku, co cho\u0107by poprzez zmniejszenie absencji mo\u017ce stanowi\u0107 wymierne korzy\u015bci dla pracodawcy, w\u0142a\u015bciciela budynku, a w konsekwencji tak\u017ce dla ca\u0142ego spo\u0142ecze\u0144stwa.<\/p>\n<p style=\"text-align: justify;\"><\/div><\/p>\n<h3 style=\"text-align: justify;\"><a name=\"_Toc451161606\"><\/a>2. Plan dzia\u0142ania w zakresie poszanowania energii<\/h3>\n<h4 style=\"text-align: justify;\"><strong><a name=\"_Toc451161607\"><\/a>Eksploatacja, konserwacja i nadz\u00f3r techniczny<\/strong><\/h4>\n<p style=\"text-align: justify;\">Instalacje techniczne budynku b\u0119d\u0105 pod ci\u0105g\u0142ym nadzorem zapewnionym przez firm\u0119 zewn\u0119trzn\u0105 sprawuj\u0105c\u0105\u00a0ca\u0142odobow\u0105 obs\u0142ug\u0119 i monitoring.<\/p>\n<p style=\"text-align: justify;\"><div id=\"post2-link-51\" class=\"sh-link post2-link sh-hide\"><a href=\"#\" onclick=\"showhide_toggle('post2', 51, 'Czytaj wi\u0119cej', 'Zwi\u0144'); return false;\" aria-expanded=\"false\"><span id=\"post2-toggle-51\">Czytaj wi\u0119cej<\/span><\/a><\/div><div id=\"post2-content-51\" class=\"sh-content post2-content sh-hide\" style=\"display: none;\">Zagwarantowane b\u0119dzie bezpiecze\u0144stwo techniczne poprzez utrzymanie w ruchu oraz sprawne i bezpieczne funkcjonowanie instalacji technicznych zgodnie z zadanymi parametrami i przepisami. Sta\u0142e monitorowanie stanu urz\u0105dze\u0144 oraz okresowe przegl\u0105dy mog\u0105 przyczyni\u0107 si\u0119 do przed\u0142u\u017cenia \u017cywotno\u015bci urz\u0105dze\u0144, a wdro\u017cony w ten spos\u00f3b prewencyjny system zapobiegania awariom pozwoli na optymalizacj\u0119 zu\u017cycia energii, redukcj\u0119 koszt\u00f3w obs\u0142ugi budynku oraz eliminacj\u0119 nieprzewidzianych<br \/>\nzdarze\u0144.<br \/>\nProces utrzymania i konserwacji instalacji w budynku b\u0119dzie w pe\u0142ni udokumentowany. Dane i informacje dotycz\u0105ce wszystkich awarii i zdarze\u0144 serwisowych, w tym ze szczeg\u00f3\u0142owymi opisami, b\u0119d\u0105 gromadzone.<br \/>\nDbaj\u0105c o jak najdok\u0142adniejsze wyniki przeprowadzanych pomiar\u00f3w i spe\u0142nienie wymog\u00f3w prawnych, urz\u0105dzenia tego wymagaj\u0105ce poddawane b\u0119d\u0105 okresowym legalizacjom i kalibracjom. Stosowane b\u0119d\u0105 urz\u0105dzenia o wysokiej jako\u015bci i \u017cywotno\u015bci, a eksploatacja i konserwacja przeprowadzane b\u0119d\u0105 wed\u0142ug zasad poszanowania energii oraz dba\u0142o\u015bci o komfort u\u017cytkownik\u00f3w. Okresowo wykonywane b\u0119dzie czyszczenie kana\u0142\u00f3w wentylacyjnych i filtr\u00f3w zapobiegaj\u0105ce gromadzeniu si\u0119 kurzu i drobnoustroj\u00f3w oraz nadmiernemu zwi\u0119kszeniu opor\u00f3w przep\u0142ywu powietrza, a tym samym wzrostowi zu\u017cycia energii potrzebnej na<br \/>\ntransport powietrza do pomieszcze\u0144.<br \/>\nDodatkowo, wdro\u017cony zostanie system zg\u0142aszania poprawek i usterek przez pracownik\u00f3w, dzia\u0142aj\u0105cy 24 godziny na dob\u0119 przez 7 dni w tygodniu. W tym celu wykorzystane b\u0119dzie specjalistyczne oprogramowanie do wspomagania obs\u0142ugi technicznej oraz \u015bwiadczenia us\u0142ug &#8220;help desk&#8221;.<br \/>\nPe\u0142na eksploatacja da gwarancj\u0119 sprawno\u015bci instalacji w d\u0142ugim okresie czasu, szybkiej interwencji w przypadku ewentualnej awarii oraz da mo\u017cliwo\u015b\u0107 rozplanowania sta\u0142ych koszt\u00f3w w d\u0142u\u017cszym horyzoncie czasowym.<br \/>\nWdro\u017cona zostanie r\u00f3wnie\u017c zasada uzgadniania wszystkich wi\u0119kszych zmian w strukturze i systemach budynku<br \/>\nw kontek\u015bcie wp\u0142ywu na zu\u017cycie energii.<\/p>\n<p style=\"text-align: justify;\"><\/div><\/p>\n<h4 style=\"text-align: justify;\"><strong><a name=\"_Toc451161608\"><\/a>Plan pomiar\u00f3w i weryfikacji<\/strong><\/h4>\n<p style=\"text-align: justify;\">Wdro\u017cony zostanie plan pomiar\u00f3w i weryfikacji, aby oceni\u0107 efektywno\u015b\u0107 energetyczn\u0105 budynku oraz zapewni\u0107\u00a0jej sta\u0142\u0105 optymalizacj\u0119.<\/p>\n<p style=\"text-align: justify;\"><div id=\"post3-link-51\" class=\"sh-link post3-link sh-hide\"><a href=\"#\" onclick=\"showhide_toggle('post3', 51, 'Czytaj wi\u0119cej', 'Zwi\u0144'); return false;\" aria-expanded=\"false\"><span id=\"post3-toggle-51\">Czytaj wi\u0119cej<\/span><\/a><\/div><div id=\"post3-content-51\" class=\"sh-content post3-content sh-hide\" style=\"display: none;\">W jego ramach zapewniona b\u0119dzie niezb\u0119dna infrastruktura umo\u017cliwiaj\u0105ca sta\u0142y pomiar zu\u017cycia energii w budynku w danym okresie czasu. Instalacje techniczne budynku b\u0119d\u0105 sterowane i monitorowane przez System Zarz\u0105dzania Budynkiem BMS (Building Management System) zapewniaj\u0105cy<br \/>\njednoczesne raportowanie o stanie technicznym instalacji. W ten spos\u00f3b zagwarantowany b\u0119dzie \u0142atwy i szybki dost\u0119p do informacji o aktualnym i przesz\u0142ym stanie budynku poprzez logiczny system archiwizowania danych.<br \/>\nDodatkowo, gromadzone i archiwizowane b\u0119d\u0105 faktury za energi\u0119 oraz wdro\u017cony zostanie elektroniczny system obiegu dokument\u00f3w.<br \/>\nZebrane dane pos\u0142u\u017c\u0105 do badania efektywno\u015bci energetycznej budynku i jego instalacji, por\u00f3wnuj\u0105c przewidywane zu\u017cycie energii z rzeczywistym. Tworzone b\u0119d\u0105 roczne raporty interpretuj\u0105ce wyniki przeprowadzonych pomiar\u00f3w i wskazuj\u0105ce najwa\u017cniejsze elementy zu\u017cywaj\u0105ce energi\u0119. Analizy te umo\u017cliwi\u0105 optymalizacj\u0119 zu\u017cycia energii w kolejnych latach.<br \/>\nDalsz\u0105 optymalizacj\u0119, opr\u00f3cz standardowych pomiar\u00f3w zu\u017cycia energii elektrycznej, wody itp. umo\u017cliwi\u0105 przeprowadzane pomiary kontrolne g\u0142\u00f3wnych strumieni powietrza w instalacji wentylacji higienicznej, umo\u017cliwiaj\u0105ce utrzymanie wymaganych ilo\u015bci \u015bwie\u017cego powietrza dostarczanego do poszczeg\u00f3lnych<br \/>\npomieszcze\u0144 budynku.<span style=\"font-size: inherit;\"><\/div><\/span><\/p>\n<h4 style=\"text-align: justify;\"><strong><a name=\"_Toc451161609\"><\/a>Symulacje energetyczne budynku<\/strong><\/h4>\n<p style=\"text-align: justify;\">W ramach pozyskiwania wiarygodnych informacji o budynku zak\u0142ada si\u0119 przeprowadzenie rozszerzonych analiz\u00a0opartych na symulacjach energetycznych.<\/p>\n<p style=\"text-align: justify;\"><div id=\"post4-link-51\" class=\"sh-link post4-link sh-hide\"><a href=\"#\" onclick=\"showhide_toggle('post4', 51, 'Czytaj wi\u0119cej', 'Zwi\u0144'); return false;\" aria-expanded=\"false\"><span id=\"post4-toggle-51\">Czytaj wi\u0119cej<\/span><\/a><\/div><div id=\"post4-content-51\" class=\"sh-content post4-content sh-hide\" style=\"display: none;\">W ramach niniejszego kroku przeprowadzone zostan\u0105 dwie analizy\u00a0energetyczne:<\/p>\n<ul>\n<li style=\"text-align: justify;\">Symulacja komputerowa przy wykorzystaniu oprogramowania opartego na metodyce godzinowej symulacji budynku \u2013 IES VE<\/li>\n<li style=\"text-align: justify;\">Analiza wykonana w oparciu o metodyk\u0119 opracowania \u015bwiadectwa charakterystyki energetycznej w Polsce.<\/li>\n<\/ul>\n<p><\/div><\/p>\n<h4 style=\"text-align: justify;\"><strong><a name=\"_Toc451161610\"><\/a>Regulacja instalacji<\/strong><\/h4>\n<p style=\"text-align: justify;\">Instalacje techniczne b\u0119d\u0105 poddawane regulacji po oddaniu budynku do u\u017cytkowania. Dalsze regulacje b\u0119d\u0105 wykonywane cyklicznie na podstawie wynik\u00f3w ankiet przeprowadzonych w\u015br\u00f3d u\u017cytkownik\u00f3w na temat komfortu cieplnego oraz jako\u015bci powietrza wewn\u0119trznego.<\/p>\n<p style=\"text-align: justify;\"><div id=\"post5-link-51\" class=\"sh-link post5-link sh-hide\"><a href=\"#\" onclick=\"showhide_toggle('post5', 51, 'Czytaj wi\u0119cej', 'Zwi\u0144'); return false;\" aria-expanded=\"false\"><span id=\"post5-toggle-51\">Czytaj wi\u0119cej<\/span><\/a><\/div><div id=\"post5-content-51\" class=\"sh-content post5-content sh-hide\" style=\"display: none;\">W ten spos\u00f3b zagwarantowana b\u0119dzie optymalna praca system\u00f3w zapewniaj\u0105c jednocze\u015bnie odpowiednie warunki pracy. Zredukowane zostanie ryzyko zu\u017cywania nadmiernej ilo\u015bci energii spowodowanej, np. zbyt intensywnym ogrzewaniem b\u0105d\u017a ch\u0142odzeniem wn\u0119trza budynku. <span style=\"font-size: inherit;\"><\/div><\/span><\/p>\n<h3 style=\"text-align: justify;\"><a name=\"_Toc451161611\"><\/a>3. Plan dzia\u0142ania w zakresie poszanowania jako\u015bci \u015brodowisko wewn\u0119trznego<\/h3>\n<h4 style=\"text-align: justify;\"><strong><a name=\"_Toc451161612\"><\/a>Segregacja odpad\u00f3w<\/strong><\/h4>\n<p style=\"text-align: justify;\">Budynki codziennie wytwarzaj\u0105 znaczne ilo\u015bci odpad\u00f3w. Aby ograniczy\u0107 ich ilo\u015b\u0107, zostanie wprowadzona\u00a0polityka gospodarki odpadami, w ramach kt\u00f3rej wyznaczone zostan\u0105 og\u00f3lnodost\u0119pne obszary przeznaczone do\u00a0segregacji odpad\u00f3w nadaj\u0105cych si\u0119 do recyklingu, takich jak papier, plastik, szk\u0142o i baterie.<\/p>\n<p style=\"text-align: justify;\"><div id=\"post6-link-51\" class=\"sh-link post6-link sh-hide\"><a href=\"#\" onclick=\"showhide_toggle('post6', 51, 'Czytaj wi\u0119cej', 'Zwi\u0144'); return false;\" aria-expanded=\"false\"><span id=\"post6-toggle-51\">Czytaj wi\u0119cej<\/span><\/a><\/div><div id=\"post6-content-51\" class=\"sh-content post6-content sh-hide\" style=\"display: none;\">W ten spos\u00f3b b\u0119dzie\u00a0mo\u017cna zredukowa\u0107 ilo\u015b\u0107 odpad\u00f3w wywo\u017conych na wysypiska.<\/div><\/p>\n<h4 style=\"text-align: justify;\"><strong><a name=\"_Toc451161613\"><\/a>Usuni\u0119cie \u017ar\u00f3de\u0142 zanieczyszcze\u0144 powietrza<\/strong><\/h4>\n<p style=\"text-align: justify;\">W celu zapobiegania wyst\u0105pienia emisji zanieczyszcze\u0144 w budynku nale\u017cy wykorzysta\u0107 materia\u0142y, kt\u00f3re s\u0105 jak\u00a0najmniej toksyczne.<\/p>\n<p style=\"text-align: justify;\"><div id=\"post7-link-51\" class=\"sh-link post7-link sh-hide\"><a href=\"#\" onclick=\"showhide_toggle('post7', 51, 'Czytaj wi\u0119cej', 'Zwi\u0144'); return false;\" aria-expanded=\"false\"><span id=\"post7-toggle-51\">Czytaj wi\u0119cej<\/span><\/a><\/div><div id=\"post7-content-51\" class=\"sh-content post7-content sh-hide\" style=\"display: none;\">Farby, wyk\u0142adziny i inne materia\u0142y wykorzystywane do drobnych remont\u00f3w powinny\u00a0zawiera\u0107 minimaln\u0105 liczb\u0119 lotnych zwi\u0105zk\u00f3w organicznych (VOC), formaldehydu oraz nie powinny zawiera\u0107\u00a0substancji rakotw\u00f3rczych i uczulaj\u0105cych substancji lotnych.<\/div><\/p>\n<h4 style=\"text-align: justify;\"><strong><a name=\"_Toc451161613\"><\/a>Osobista regulacja temperatury w pomieszczeniu<\/strong><\/h4>\n<p style=\"text-align: justify;\">Budynek posiada\u0107 b\u0119dzie du\u017ce okna zapewniaj\u0105ce doskona\u0142e do\u015bwietlenia wn\u0119trza budynku, jednocze\u015bnie minimalizuj\u0105c zapotrzebowanie na o\u015bwietlenie sztuczne.<\/p>\n<p style=\"text-align: justify;\"><div id=\"post12-link-51\" class=\"sh-link post12-link sh-hide\"><a href=\"#\" onclick=\"showhide_toggle('post12', 51, 'Czytaj wi\u0119cej', 'Zwi\u0144'); return false;\" aria-expanded=\"false\"><span id=\"post12-toggle-51\">Czytaj wi\u0119cej<\/span><\/a><\/div><div id=\"post12-content-51\" class=\"sh-content post12-content sh-hide\" style=\"display: none;\">System ch\u0142odzenia wyposa\u017cono w automatyk\u0119 z zapewnieniem nastawnik\u00f3w temperatury z poziomu poszczeg\u00f3lnych pomieszcze\u0144 czy przestrzeni otwartych. Zapewnia to mo\u017cliwo\u015b\u0107 regulacji temperatury oraz wydajno\u015bci urz\u0105dze\u0144 grzewczo \u2013 ch\u0142odz\u0105cych z poziomu poszczeg\u00f3lnych u\u017cytkownik\u00f3w. Poza godzinami u\u017cytkowania oraz w soboty i \u015bwi\u0119ta poprzez harmonogram pracy systemu, wprowadzono nadrz\u0119dne ustalanie parametr\u00f3w pracy systemu z poziomu BMS.<\/div><\/p>\n<h4 style=\"text-align: justify;\"><strong><a name=\"_Toc451161614\"><\/a>Konserwacja systemu wentylacji i klimatyzacji<\/strong><\/h4>\n<p style=\"text-align: justify;\">W budynku KREO nale\u017cy regularnie przeprowadza\u0107 zabiegi konserwacyjne system\u00f3w wentylacyjnych i klimatyzacyjnych.<\/p>\n<p style=\"text-align: justify;\"><div id=\"post8-link-51\" class=\"sh-link post8-link sh-hide\"><a href=\"#\" onclick=\"showhide_toggle('post8', 51, 'Czytaj wi\u0119cej', 'Zwi\u0144'); return false;\" aria-expanded=\"false\"><span id=\"post8-toggle-51\">Czytaj wi\u0119cej<\/span><\/a><\/div><div id=\"post8-content-51\" class=\"sh-content post8-content sh-hide\" style=\"display: none;\">Cz\u0119stotliwo\u015b\u0107 zabieg\u00f3w konserwacyjnych zale\u017cy m.in. od zaistnia\u0142ych awarii i zwi\u0105zanych z\u00a0nimi problem\u00f3w eksploatacyjnych, a tak\u017ce od tego, czy wcze\u015bniejsze czynno\u015bci konserwacyjne by\u0142y\u00a0przeprowadzane prawid\u0142owo i z nale\u017cyt\u0105 dok\u0142adno\u015bci\u0105.<\/p>\n<p style=\"text-align: justify;\">System wentylacji zapewni odpowiedni poziom filtracji powietrza, dzi\u0119ki zastosowaniu na kanale nawiewnym filtr\u00f3w o klasie co najmniej M5. Aby czysto\u015b\u0107 powietrza dostarczanego do budynku by\u0142a ca\u0142y czas na wysokim poziomie, zainstalowane filtry nale\u017cy wymienia\u0107 zgodnie z zaleceniami producenta, minimum raz w roku lub natychmiast po stwierdzeniu ich niew\u0142a\u015bciwego stanu. Dodatkowo system wentylacyjny i klimatyzacyjny nale\u017cy czy\u015bci\u0107 mechanicznie. Urz\u0105dzenia powinny zosta\u0107 oczyszczone z py\u0142\u00f3w i substancji szkodliwych dla zdrowia m.in. bakterii i grzyb\u00f3w, kt\u00f3re mog\u0105 by\u0107 przyczyn\u0105 alergii i chor\u00f3b uk\u0142adu oddechowego.<\/p>\n<p style=\"text-align: justify;\">Nieprawid\u0142owo dzia\u0142aj\u0105cy system wentylacji i klimatyzacji mo\u017ce przyczynia\u0107 si\u0119 do pogorszenia jako\u015bci\u00a0powietrza w obiekcie. Osoby tam przebywaj\u0105ce mog\u0105 skar\u017cy\u0107 si\u0119 na zm\u0119czenie, duszno\u015bci, obni\u017cenie\u00a0koncentracji czy alergie i choroby uk\u0142adu oddechowego. Wszelkie zabiegi konserwacyjne powinny by\u0107\u00a0wykonywane przez specjalistyczn\u0105 firm\u0119.<\/div><\/p>\n<h4 style=\"text-align: justify;\"><strong><a name=\"_Toc451161615\"><\/a>Konserwacja instalacji wodno-kanalizacyjnej <\/strong><\/h4>\n<p style=\"text-align: justify;\">W budynku nale\u017cy regularnie usuwa\u0107 usterki instalacji: wodno- kanalizacyjnej, przeciwpo\u017carowej, instalacji centralnego ogrzewania, ciep\u0142a technologicznego, klimatyzacji i w\u0119z\u0142a ciep\u0142a.<\/p>\n<p style=\"text-align: justify;\"><div id=\"post9-link-51\" class=\"sh-link post9-link sh-hide\"><a href=\"#\" onclick=\"showhide_toggle('post9', 51, 'Czytaj wi\u0119cej', 'Zwi\u0144'); return false;\" aria-expanded=\"false\"><span id=\"post9-toggle-51\">Czytaj wi\u0119cej<\/span><\/a><\/div><div id=\"post9-content-51\" class=\"sh-content post9-content sh-hide\" style=\"display: none;\"> Instalacje powinny by\u0107 serwisowane przez specjalistyczne firmy. Nale\u017cy przeprowadza\u0107 okresowe przegrzewy instalacji ciep\u0142ej wody u\u017cytkowej oraz na urz\u0105dzeniach reguluj\u0105cych wilgotno\u015b\u0107 dla usuni\u0119cia zagro\u017cenia wyst\u0105pienia bakterii z rodzaju Legionella powoduj\u0105cej chorob\u0119 legionist\u00f3w. <\/div><\/p>\n<h4 style=\"text-align: justify;\"><strong><a name=\"_Toc451161615\"><\/a>Polityka poszanowania wody<\/strong><\/h4>\n<p style=\"text-align: justify;\">Zainstalowany zostanie system detekcji wyciek\u00f3w zimnej wody, dzi\u0119ki czemu mo\u017cna unikn\u0105\u0107 znacznych strat wody, kt\u00f3re w przeciwnym wypadku mog\u0142yby pozosta\u0107 niezauwa\u017cone.<\/p>\n<p style=\"text-align: justify;\"><div id=\"post10-link-51\" class=\"sh-link post10-link sh-hide\"><a href=\"#\" onclick=\"showhide_toggle('post10', 51, 'Czytaj wi\u0119cej', 'Zwi\u0144'); return false;\" aria-expanded=\"false\"><span id=\"post10-toggle-51\">Czytaj wi\u0119cej<\/span><\/a><\/div><div id=\"post10-content-51\" class=\"sh-content post10-content sh-hide\" style=\"display: none;\">Dodatkowo, wykorzystany zostanie system zabezpieczenia przed niekontrolowanymi wyciekami wody z instalacji w toaletach poprzez u\u017cycie czujek ruchu sprz\u0119\u017conych z elektrozaworami.<\/div><\/p>\n<h4 style=\"text-align: justify;\"><strong><a name=\"_Toc451161616\"><\/a>Nadz\u00f3r i kontrola parametr\u00f3w budynku <\/strong><\/h4>\n<p style=\"text-align: justify;\">W celu zapewnienia jak najwy\u017cszego komfortu u\u017cytkownik\u00f3w budynku nale\u017cy prowadzi\u0107 nadz\u00f3r i kontrol\u0119 firm zajmuj\u0105cymi si\u0119 instalacjami wewn\u0119trznymi.<\/p>\n<p style=\"text-align: justify;\"><div id=\"post11-link-51\" class=\"sh-link post11-link sh-hide\"><a href=\"#\" onclick=\"showhide_toggle('post11', 51, 'Czytaj wi\u0119cej', 'Zwi\u0144'); return false;\" aria-expanded=\"false\"><span id=\"post11-toggle-51\">Czytaj wi\u0119cej<\/span><\/a><\/div><div id=\"post11-content-51\" class=\"sh-content post11-content sh-hide\" style=\"display: none;\">W\u0142a\u015bciwa kontrola i nadz\u00f3r wykonywanych prac przez firmy specjalistyczne zapewni\u0105 w\u0142a\u015bciwe wykonanie us\u0142ug, a co za tym idzie zapewnienie odpowiednich parametr\u00f3w \u015brodowiska wewn\u0119trznego.<br \/>\nDodatkowo nale\u017cy regularnie monitorowa\u0107 stan techniczny budynku. Budynek powinien zosta\u0107 poddawany okresowej kontroli i przegl\u0105dowi zgodnie z Ustaw\u0105 z dnia 7 lipca 1994r. Prawo budowlane (Dz.U.Nr. 89, poz.414) oraz Rozporz\u0105dzeniem Ministra Infrastruktury z dnia 12 kwietnia 2002r. w sprawie warunk\u00f3w technicznych, jakim powinny odpowiada\u0107 budynki i ich usytuowanie (Dz.U.Nr. 75, poz.690). Kontrole i przegl\u0105dy powinny dotyczy\u0107 zar\u00f3wno przegr\u00f3d budowlanych, przewod\u00f3w kominowych, jak r\u00f3wnie\u017c innych instalacji wewn\u0119trznych. <\/div><\/p>\n<h3 style=\"text-align: justify;\"><a name=\"_Toc451161619\"><\/a>4. U\u015bwiadomienie pracownik\u00f3w, personelu i u\u017cytkownik\u00f3w budynku<\/h3>\n<p style=\"text-align: justify;\">Zu\u017cycie energii przez budynek w du\u017cej mierze zale\u017cy od os\u00f3b w nim przebywaj\u0105cych i sposobu, w jaki korzystaj\u0105\u00a0z zainstalowanych urz\u0105dze\u0144 oraz system\u00f3w.<\/p>\n<p style=\"text-align: justify;\"><div id=\"post14-link-51\" class=\"sh-link post14-link sh-hide\"><a href=\"#\" onclick=\"showhide_toggle('post14', 51, 'Czytaj wi\u0119cej', 'Zwi\u0144'); return false;\" aria-expanded=\"false\"><span id=\"post14-toggle-51\">Czytaj wi\u0119cej<\/span><\/a><\/div><div id=\"post14-content-51\" class=\"sh-content post14-content sh-hide\" style=\"display: none;\">Dlatego bardzo istotne jest u\u015bwiadomienie personelu i przekazanie\u00a0mu niezb\u0119dnej wiedzy dotycz\u0105cej poszczeg\u00f3lnych sk\u0142adowych systemu oraz ich prawid\u0142owej obs\u0142ugi\u00a0przyczyniaj\u0105cej si\u0119 do minimalizacji zu\u017cywanej energii. Bior\u0105c ten fakt pod uwag\u0119, przygotowane zostan\u0105\u00a0og\u00f3lnodost\u0119pne informacje dla pracownik\u00f3w budynku przedstawiaj\u0105ce prawid\u0142ow\u0105, energooszcz\u0119dn\u0105 obs\u0142ug\u0119\u00a0system\u00f3w w miejscu pracy. Ponadto, stworzony zostanie portal internetowy &#8211; strona budynku gdzie\u00a0umieszczone b\u0119d\u0105 informacje na temat \u015brodk\u00f3w oszcz\u0119dno\u015bci energii jak r\u00f3wnie\u017c system\u00f3w HVAC\u00a0zainstalowanych w budynku oraz sposobu ich regulacji w celu zapewnienia jak najwy\u017cszego komfortu\u00a0u\u017cytkowania budynku.<\/div><\/p>\n","protected":false},"excerpt":{"rendered":"<p>1. Wst\u0119p Najnowsze energooszcz\u0119dne rozwi\u0105zania i udoskonalenia techniczne daj\u0105 du\u017cy potencja\u0142 oszcz\u0119dno\u015bci energetycznych. 2. Plan dzia\u0142ania w zakresie poszanowania energii Eksploatacja, konserwacja i nadz\u00f3r techniczny Instalacje techniczne budynku b\u0119d\u0105 pod ci\u0105g\u0142ym nadzorem zapewnionym przez firm\u0119 zewn\u0119trzn\u0105 sprawuj\u0105c\u0105\u00a0ca\u0142odobow\u0105 obs\u0142ug\u0119 i monitoring. Plan pomiar\u00f3w i weryfikacji Wdro\u017cony zostanie plan pomiar\u00f3w i weryfikacji, aby oceni\u0107 efektywno\u015b\u0107 energetyczn\u0105 budynku <a href=\"http:\/\/kreo.greenbuildingstandard.eu\/en\/plan-dzialania\/\" rel=\"nofollow\"><span class=\"sr-only\">Read more about Plan dzia\u0142ania<\/span>[&hellip;]<\/a><\/p>\n","protected":false},"author":1,"featured_media":0,"parent":0,"menu_order":0,"comment_status":"closed","ping_status":"closed","template":"template-fullwidth.php","meta":[],"_links":{"self":[{"href":"http:\/\/kreo.greenbuildingstandard.eu\/en\/wp-json\/wp\/v2\/pages\/51"}],"collection":[{"href":"http:\/\/kreo.greenbuildingstandard.eu\/en\/wp-json\/wp\/v2\/pages"}],"about":[{"href":"http:\/\/kreo.greenbuildingstandard.eu\/en\/wp-json\/wp\/v2\/types\/page"}],"author":[{"embeddable":true,"href":"http:\/\/kreo.greenbuildingstandard.eu\/en\/wp-json\/wp\/v2\/users\/1"}],"replies":[{"embeddable":true,"href":"http:\/\/kreo.greenbuildingstandard.eu\/en\/wp-json\/wp\/v2\/comments?post=51"}],"version-history":[{"count":5,"href":"http:\/\/kreo.greenbuildingstandard.eu\/en\/wp-json\/wp\/v2\/pages\/51\/revisions"}],"predecessor-version":[{"id":799,"href":"http:\/\/kreo.greenbuildingstandard.eu\/en\/wp-json\/wp\/v2\/pages\/51\/revisions\/799"}],"wp:attachment":[{"href":"http:\/\/kreo.greenbuildingstandard.eu\/en\/wp-json\/wp\/v2\/media?parent=51"}],"curies":[{"name":"wp","href":"https:\/\/api.w.org\/{rel}","templated":true}]}}