{"id":479,"date":"2019-07-29T19:01:34","date_gmt":"2019-07-29T17:01:34","guid":{"rendered":"http:\/\/nowyrynekb.greenbuildingstandard.eu\/?page_id=479"},"modified":"2021-03-05T12:36:03","modified_gmt":"2021-03-05T11:36:03","slug":"obiektbezbarier","status":"publish","type":"page","link":"http:\/\/kreo.greenbuildingstandard.eu\/en\/obiektbezbarier\/","title":{"rendered":"Obiekt bez barier"},"content":{"rendered":"\n<p class=\"has-text-align-center\"><strong>Certyfikat \u201e Obiekt bez barier\u201d<\/strong>&nbsp;to czytelna wskaz\u00f3wka, \u017ce obiekt jest przyjazny i dostosowany do potrzeb os\u00f3b z r\u00f3\u017cnymi niepe\u0142nosprawno\u015bciami: poruszaj\u0105cych si\u0119 na w\u00f3zku, niewidomych, s\u0142abo widz\u0105cych, czy nies\u0142ysz\u0105cych. To tak\u017ce potwierdzenie jego dostosowania do potrzeb os\u00f3b starszych, o ograniczonej mo\u017cliwo\u015bci poruszania si\u0119 lub przemieszczaj\u0105cych si\u0119 z ma\u0142ymi dzie\u0107mi.<\/p>\n\n\n\n<div class=\"wp-block-image\"><figure class=\"aligncenter size-large\"><img src=\"http:\/\/warsawunit.greenbuildingstandard.eu\/wp-content\/uploads\/2021\/02\/obiektbezbarier2.png\" alt=\"\" class=\"wp-image-762\"\/><\/figure><\/div>\n\n\n\n<p><\/p>\n","protected":false},"excerpt":{"rendered":"<p>Certyfikat \u201e Obiekt bez barier\u201d&nbsp;to czytelna wskaz\u00f3wka, \u017ce obiekt jest przyjazny i dostosowany do potrzeb os\u00f3b z r\u00f3\u017cnymi niepe\u0142nosprawno\u015bciami: poruszaj\u0105cych si\u0119 na w\u00f3zku, niewidomych, s\u0142abo widz\u0105cych, czy nies\u0142ysz\u0105cych. To tak\u017ce potwierdzenie jego dostosowania do potrzeb os\u00f3b starszych, o ograniczonej mo\u017cliwo\u015bci poruszania si\u0119 lub przemieszczaj\u0105cych si\u0119 z ma\u0142ymi dzie\u0107mi.<\/p>\n","protected":false},"author":1,"featured_media":0,"parent":0,"menu_order":0,"comment_status":"closed","ping_status":"closed","template":"template-fullwidth.php","meta":[],"_links":{"self":[{"href":"http:\/\/kreo.greenbuildingstandard.eu\/en\/wp-json\/wp\/v2\/pages\/479"}],"collection":[{"href":"http:\/\/kreo.greenbuildingstandard.eu\/en\/wp-json\/wp\/v2\/pages"}],"about":[{"href":"http:\/\/kreo.greenbuildingstandard.eu\/en\/wp-json\/wp\/v2\/types\/page"}],"author":[{"embeddable":true,"href":"http:\/\/kreo.greenbuildingstandard.eu\/en\/wp-json\/wp\/v2\/users\/1"}],"replies":[{"embeddable":true,"href":"http:\/\/kreo.greenbuildingstandard.eu\/en\/wp-json\/wp\/v2\/comments?post=479"}],"version-history":[{"count":1,"href":"http:\/\/kreo.greenbuildingstandard.eu\/en\/wp-json\/wp\/v2\/pages\/479\/revisions"}],"predecessor-version":[{"id":762,"href":"http:\/\/kreo.greenbuildingstandard.eu\/en\/wp-json\/wp\/v2\/pages\/479\/revisions\/762"}],"wp:attachment":[{"href":"http:\/\/kreo.greenbuildingstandard.eu\/en\/wp-json\/wp\/v2\/media?parent=479"}],"curies":[{"name":"wp","href":"https:\/\/api.w.org\/{rel}","templated":true}]}}