{"id":268,"date":"2017-11-16T11:28:45","date_gmt":"2017-11-16T11:28:45","guid":{"rendered":"http:\/\/nowytarg.greenbuildingstandard.eu\/?page_id=268"},"modified":"2021-03-05T13:07:06","modified_gmt":"2021-03-05T12:07:06","slug":"inne-certyfikaty","status":"publish","type":"page","link":"http:\/\/kreo.greenbuildingstandard.eu\/en\/inne-certyfikaty\/","title":{"rendered":"Inne certyfikaty"},"content":{"rendered":"<p>Budynek opr\u00f3cz certyfikatu GBS ubiega si\u0119 r\u00f3wnie\u017c o certyfikaty:<\/p>\n<ul>\n<li><strong>BREEAM\u00a0<\/strong><\/li>\n<li><strong>Obiekt bez barier<\/strong><\/li>\n<\/ul>\n<p>BREEAM to nowoczesna metoda certyfikacji. Na jego podstawie ocenia si\u0119, jak bardzo budynek jest przyjazny \u015brodowisku naturalnemu, a tak\u017ce, jak bardzo komfortowy jest on dla swoich u\u017cytkownik\u00f3w.<\/p>\n<p>Dzi\u0119ki temu, \u017ce system<strong>\u00a0BREEAM<\/strong>\u00a0zosta\u0142 zaprojektowany tak, by z \u0142atwo\u015bci\u0105 mo\u017cna by\u0142o adoptowa\u0107 go do r\u00f3\u017cnorodnych warunk\u00f3w geograficznych oraz do zr\u00f3\u017cnicowanych warunk\u00f3w legislacyjnych, z powodzeniem wykorzystuje si\u0119 go do oceny \u015brodowiskowej budynk\u00f3w na niemal\u017ce ca\u0142ym \u015bwiecie.<\/p>\n<div class=\"wp-block-image\">\n<figure class=\"aligncenter is-resized\"><img loading=\"lazy\" src=\"https:\/\/www.realdelaquinta.com\/sites\/default\/files\/Breeam\/LOGO_BREEAM_HERRADURA.png\" alt=\"Znalezione obrazy dla zapytania: breeam\" width=\"376\" height=\"353\" \/><\/figure>\n<\/div>\n\n\n<p>Wi\u0119cej o certyfikacie\u00a0<a href=\"http:\/\/kreo.greenbuildingstandard.eu\/obiektbezbarier\/\" target=\"_blank\" rel=\"noreferrer noopener\">Obiekt bez barier<\/a><\/p>\n","protected":false},"excerpt":{"rendered":"<p>Budynek opr\u00f3cz certyfikatu GBS ubiega si\u0119 r\u00f3wnie\u017c o certyfikaty: BREEAM\u00a0 Obiekt bez barier BREEAM to nowoczesna metoda certyfikacji. Na jego podstawie ocenia si\u0119, jak bardzo budynek jest przyjazny \u015brodowisku naturalnemu, a tak\u017ce, jak bardzo komfortowy jest on dla swoich u\u017cytkownik\u00f3w. Dzi\u0119ki temu, \u017ce system\u00a0BREEAM\u00a0zosta\u0142 zaprojektowany tak, by z \u0142atwo\u015bci\u0105 mo\u017cna by\u0142o adoptowa\u0107 go do r\u00f3\u017cnorodnych <a href=\"http:\/\/kreo.greenbuildingstandard.eu\/en\/inne-certyfikaty\/\" rel=\"nofollow\"><span class=\"sr-only\">Read more about Inne certyfikaty<\/span>[&hellip;]<\/a><\/p>\n","protected":false},"author":1,"featured_media":0,"parent":0,"menu_order":0,"comment_status":"closed","ping_status":"closed","template":"template-fullwidth.php","meta":[],"_links":{"self":[{"href":"http:\/\/kreo.greenbuildingstandard.eu\/en\/wp-json\/wp\/v2\/pages\/268"}],"collection":[{"href":"http:\/\/kreo.greenbuildingstandard.eu\/en\/wp-json\/wp\/v2\/pages"}],"about":[{"href":"http:\/\/kreo.greenbuildingstandard.eu\/en\/wp-json\/wp\/v2\/types\/page"}],"author":[{"embeddable":true,"href":"http:\/\/kreo.greenbuildingstandard.eu\/en\/wp-json\/wp\/v2\/users\/1"}],"replies":[{"embeddable":true,"href":"http:\/\/kreo.greenbuildingstandard.eu\/en\/wp-json\/wp\/v2\/comments?post=268"}],"version-history":[{"count":3,"href":"http:\/\/kreo.greenbuildingstandard.eu\/en\/wp-json\/wp\/v2\/pages\/268\/revisions"}],"predecessor-version":[{"id":785,"href":"http:\/\/kreo.greenbuildingstandard.eu\/en\/wp-json\/wp\/v2\/pages\/268\/revisions\/785"}],"wp:attachment":[{"href":"http:\/\/kreo.greenbuildingstandard.eu\/en\/wp-json\/wp\/v2\/media?parent=268"}],"curies":[{"name":"wp","href":"https:\/\/api.w.org\/{rel}","templated":true}]}}